{"id":100,"date":"2024-02-23T15:05:37","date_gmt":"2024-02-23T15:05:37","guid":{"rendered":"http:\/\/drivetoy.pl\/?page_id=100"},"modified":"2024-02-23T15:05:38","modified_gmt":"2024-02-23T15:05:38","slug":"festyny","status":"publish","type":"page","link":"https:\/\/drivetoy.pl\/?page_id=100","title":{"rendered":"Festyny"},"content":{"rendered":"\n<p>Zapraszamy do wsp\u00f3\u0142pracy urz\u0119dy Miast i Gmin w zakresie urozmaicenia atrakcji na festynach i piknikach.<\/p>\n\n\n\n<p>Zabawki mechaniczne przeznaczone s\u0105 dla dzieci w wieku 2 do 7 lat.<\/p>\n\n\n\n<p>Zapewniamy atrakcje dla dzieci, z kt\u00f3rych maluchy bardzo ch\u0119tnie korzystaj\u0105. Ciesz\u0105 si\u0119 bardzo z konik\u00f3w mechanicznych i samochod\u00f3w ( sterowanych r\u00f3wnie\u017c radiowo przez opiekun\u00f3w ), co sprawia im ogromn\u0105 frajd\u0119 i przysparza wiele rado\u015bci.<\/p>\n\n\n\n<p>Zabawki mog\u0105 porusza\u0107 si\u0119 po nawierzchni mi\u0119kkiej, chodnikach i alejkach z wykluczeniem trawnik\u00f3w.<\/p>\n\n\n\n<p>W przypadku wynajmu na imprez\u0119 plenerow\u0105 koszt ca\u0142kowity dla wszystkich ( 5 sztuk ) pojazd\u00f3w wynosi 3 000 z\u0142 + 23% podatku VAT.<\/p>\n\n\n\n<p>Powy\u017cszy koszt zawiera dostaw\u0119 zabawek oraz profesjonaln\u0105 obs\u0142ug\u0119 na miejscu wydarzenia. Korzystaj\u0105cy zwolnieni s\u0105 z op\u0142at, a czas przejazdu uzgadniany jest indywidualnie z organizatorem.<\/p>\n","protected":false},"excerpt":{"rendered":"<p>Zapraszamy do wsp\u00f3\u0142pracy urz\u0119dy Miast i Gmin w zakresie urozmaicenia atrakcji na festynach i piknikach. Zabawki mechaniczne przeznaczone s\u0105 dla dzieci w wieku 2 do [&hellip;]<\/p>\n","protected":false},"author":1,"featured_media":0,"parent":0,"menu_order":0,"comment_status":"closed","ping_status":"closed","template":"","meta":{"footnotes":""},"yoast_head":"<!-- This site is optimized with the Yoast SEO plugin v22.1 - https:\/\/yoast.com\/wordpress\/plugins\/seo\/ -->\n<title>Festyny - Atrkacje dla dzieci<\/title>\n<meta name=\"description\" content=\"Zapraszamy do wynajmu autek i konik\u00f3w dla dzieci na atrakcje na festyny. Poznaj nasz\u0105 ofert\u0119 wypo\u017cyczalni zabawek\" \/>\n<meta name=\"robots\" content=\"index, follow, max-snippet:-1, max-image-preview:large, max-video-preview:-1\" \/>\n<link rel=\"canonical\" href=\"https:\/\/drivetoy.pl\/?page_id=100\" \/>\n<meta property=\"og:locale\" content=\"pl_PL\" \/>\n<meta property=\"og:type\" content=\"article\" \/>\n<meta property=\"og:title\" content=\"Festyny - Atrkacje dla dzieci\" \/>\n<meta property=\"og:description\" content=\"Zapraszamy do wynajmu autek i konik\u00f3w dla dzieci na atrakcje na festyny. Poznaj nasz\u0105 ofert\u0119 wypo\u017cyczalni zabawek\" \/>\n<meta property=\"og:url\" content=\"https:\/\/drivetoy.pl\/?page_id=100\" \/>\n<meta property=\"og:site_name\" content=\"Atrkacje dla dzieci\" \/>\n<meta property=\"article:modified_time\" content=\"2024-02-23T15:05:38+00:00\" \/>\n<meta name=\"twitter:card\" content=\"summary_large_image\" \/>\n<meta name=\"twitter:label1\" content=\"Szacowany czas czytania\" \/>\n\t<meta name=\"twitter:data1\" content=\"1 minuta\" \/>\n<script type=\"application\/ld+json\" class=\"yoast-schema-graph\">{\"@context\":\"https:\/\/schema.org\",\"@graph\":[{\"@type\":\"WebPage\",\"@id\":\"https:\/\/drivetoy.pl\/?page_id=100\",\"url\":\"https:\/\/drivetoy.pl\/?page_id=100\",\"name\":\"Festyny - Atrkacje dla dzieci\",\"isPartOf\":{\"@id\":\"https:\/\/drivetoy.pl\/#website\"},\"datePublished\":\"2024-02-23T15:05:37+00:00\",\"dateModified\":\"2024-02-23T15:05:38+00:00\",\"description\":\"Zapraszamy do wynajmu autek i konik\u00f3w dla dzieci na atrakcje na festyny. Poznaj nasz\u0105 ofert\u0119 wypo\u017cyczalni zabawek\",\"breadcrumb\":{\"@id\":\"https:\/\/drivetoy.pl\/?page_id=100#breadcrumb\"},\"inLanguage\":\"pl-PL\",\"potentialAction\":[{\"@type\":\"ReadAction\",\"target\":[\"https:\/\/drivetoy.pl\/?page_id=100\"]}]},{\"@type\":\"BreadcrumbList\",\"@id\":\"https:\/\/drivetoy.pl\/?page_id=100#breadcrumb\",\"itemListElement\":[{\"@type\":\"ListItem\",\"position\":1,\"name\":\"Strona g\u0142\u00f3wna\",\"item\":\"https:\/\/drivetoy.pl\/\"},{\"@type\":\"ListItem\",\"position\":2,\"name\":\"Festyny\"}]},{\"@type\":\"WebSite\",\"@id\":\"https:\/\/drivetoy.pl\/#website\",\"url\":\"https:\/\/drivetoy.pl\/\",\"name\":\"Atrkacje dla dzieci\",\"description\":\"autka i koniki na wynajem\",\"potentialAction\":[{\"@type\":\"SearchAction\",\"target\":{\"@type\":\"EntryPoint\",\"urlTemplate\":\"https:\/\/drivetoy.pl\/?s={search_term_string}\"},\"query-input\":\"required name=search_term_string\"}],\"inLanguage\":\"pl-PL\"}]}<\/script>\n<!-- \/ Yoast SEO plugin. -->","yoast_head_json":{"title":"Festyny - Atrkacje dla dzieci","description":"Zapraszamy do wynajmu autek i konik\u00f3w dla dzieci na atrakcje na festyny. Poznaj nasz\u0105 ofert\u0119 wypo\u017cyczalni zabawek","robots":{"index":"index","follow":"follow","max-snippet":"max-snippet:-1","max-image-preview":"max-image-preview:large","max-video-preview":"max-video-preview:-1"},"canonical":"https:\/\/drivetoy.pl\/?page_id=100","og_locale":"pl_PL","og_type":"article","og_title":"Festyny - Atrkacje dla dzieci","og_description":"Zapraszamy do wynajmu autek i konik\u00f3w dla dzieci na atrakcje na festyny. Poznaj nasz\u0105 ofert\u0119 wypo\u017cyczalni zabawek","og_url":"https:\/\/drivetoy.pl\/?page_id=100","og_site_name":"Atrkacje dla dzieci","article_modified_time":"2024-02-23T15:05:38+00:00","twitter_card":"summary_large_image","twitter_misc":{"Szacowany czas czytania":"1 minuta"},"schema":{"@context":"https:\/\/schema.org","@graph":[{"@type":"WebPage","@id":"https:\/\/drivetoy.pl\/?page_id=100","url":"https:\/\/drivetoy.pl\/?page_id=100","name":"Festyny - Atrkacje dla dzieci","isPartOf":{"@id":"https:\/\/drivetoy.pl\/#website"},"datePublished":"2024-02-23T15:05:37+00:00","dateModified":"2024-02-23T15:05:38+00:00","description":"Zapraszamy do wynajmu autek i konik\u00f3w dla dzieci na atrakcje na festyny. Poznaj nasz\u0105 ofert\u0119 wypo\u017cyczalni zabawek","breadcrumb":{"@id":"https:\/\/drivetoy.pl\/?page_id=100#breadcrumb"},"inLanguage":"pl-PL","potentialAction":[{"@type":"ReadAction","target":["https:\/\/drivetoy.pl\/?page_id=100"]}]},{"@type":"BreadcrumbList","@id":"https:\/\/drivetoy.pl\/?page_id=100#breadcrumb","itemListElement":[{"@type":"ListItem","position":1,"name":"Strona g\u0142\u00f3wna","item":"https:\/\/drivetoy.pl\/"},{"@type":"ListItem","position":2,"name":"Festyny"}]},{"@type":"WebSite","@id":"https:\/\/drivetoy.pl\/#website","url":"https:\/\/drivetoy.pl\/","name":"Atrkacje dla dzieci","description":"autka i koniki na wynajem","potentialAction":[{"@type":"SearchAction","target":{"@type":"EntryPoint","urlTemplate":"https:\/\/drivetoy.pl\/?s={search_term_string}"},"query-input":"required name=search_term_string"}],"inLanguage":"pl-PL"}]}},"_links":{"self":[{"href":"https:\/\/drivetoy.pl\/index.php?rest_route=\/wp\/v2\/pages\/100"}],"collection":[{"href":"https:\/\/drivetoy.pl\/index.php?rest_route=\/wp\/v2\/pages"}],"about":[{"href":"https:\/\/drivetoy.pl\/index.php?rest_route=\/wp\/v2\/types\/page"}],"author":[{"embeddable":true,"href":"https:\/\/drivetoy.pl\/index.php?rest_route=\/wp\/v2\/users\/1"}],"replies":[{"embeddable":true,"href":"https:\/\/drivetoy.pl\/index.php?rest_route=%2Fwp%2Fv2%2Fcomments&post=100"}],"version-history":[{"count":1,"href":"https:\/\/drivetoy.pl\/index.php?rest_route=\/wp\/v2\/pages\/100\/revisions"}],"predecessor-version":[{"id":101,"href":"https:\/\/drivetoy.pl\/index.php?rest_route=\/wp\/v2\/pages\/100\/revisions\/101"}],"wp:attachment":[{"href":"https:\/\/drivetoy.pl\/index.php?rest_route=%2Fwp%2Fv2%2Fmedia&parent=100"}],"curies":[{"name":"wp","href":"https:\/\/api.w.org\/{rel}","templated":true}]}}