{"id":103,"date":"2024-02-23T15:19:35","date_gmt":"2024-02-23T15:19:35","guid":{"rendered":"http:\/\/drivetoy.pl\/?page_id=103"},"modified":"2024-02-23T15:23:17","modified_gmt":"2024-02-23T15:23:17","slug":"imprezy-urodzinowe-i-okolicznosciowe","status":"publish","type":"page","link":"https:\/\/drivetoy.pl\/?page_id=103","title":{"rendered":"Imprezy urodzinowe i okoliczno\u015bciowe"},"content":{"rendered":"\n<p>Zapraszamy do wsp\u00f3\u0142pracy rodzic\u00f3w w zakresie urozmaicenia interaktywnych i ruchowych zabaw dla dzieci podczas przyj\u0119\u0107 urodzinowych i okoliczno\u015bciowych dla dzieci w zakresie wiekowym 2 do 7 lat.<\/p>\n\n\n\n<p>Zapewniamy atrakcje dla dzieci, z kt\u00f3rych maluchy bardzo ch\u0119tnie korzystaj\u0105. Ciesz\u0105 si\u0119 bardzo z konik\u00f3w mechanicznych i samochod\u00f3w ( sterowanych r\u00f3wnie\u017c radiowo przez opiekun\u00f3w ), co sprawia im ogromn\u0105 frajd\u0119 i przysparza wiele rado\u015bci.<\/p>\n\n\n\n<p>Zabawki mog\u0105 porusza\u0107 si\u0119 po nawierzchni mi\u0119kkiej, chodnikach i alejkach z wykluczeniem trawnik\u00f3w.<\/p>\n\n\n\n<p>W przypadku wynajmu na czas 4 godzin koszt ca\u0142kowity dla wszystkich ( 5 sztuk ) pojazd\u00f3w wynosi 1 500 z\u0142 + 23% podatku VAT.<\/p>\n\n\n\n<p>Powy\u017cszy koszt zawiera dostaw\u0119 zabawek oraz profesjonaln\u0105 obs\u0142ug\u0119 w miejscu wskazanym przez organizatora imprezy.<\/p>\n\n\n\n<p>W przypadku rezygnacji z naszej obs\u0142ugi koszt wynosi 1&nbsp;200 z\u0142 + 23% podatku VAT<\/p>\n","protected":false},"excerpt":{"rendered":"<p>Zapraszamy do wsp\u00f3\u0142pracy rodzic\u00f3w w zakresie urozmaicenia interaktywnych i ruchowych zabaw dla dzieci podczas przyj\u0119\u0107 urodzinowych i okoliczno\u015bciowych dla dzieci w zakresie wiekowym 2 do [&hellip;]<\/p>\n","protected":false},"author":1,"featured_media":0,"parent":0,"menu_order":0,"comment_status":"closed","ping_status":"closed","template":"","meta":{"footnotes":""},"yoast_head":"<!-- This site is optimized with the Yoast SEO plugin v22.1 - https:\/\/yoast.com\/wordpress\/plugins\/seo\/ -->\n<title>Imprezy urodzinowe i okoliczno\u015bciowe - Atrkacje dla dzieci<\/title>\n<meta name=\"description\" content=\"Zapraszamy przedszkola do wynajmu wraz z obs\u0142ug\u0105 konik\u00f3w i samochodzik\u00f3w dla dzieci. Atrakcje dla przedszkoli\" \/>\n<meta name=\"robots\" content=\"index, follow, max-snippet:-1, max-image-preview:large, max-video-preview:-1\" \/>\n<link rel=\"canonical\" href=\"https:\/\/drivetoy.pl\/?page_id=103\" \/>\n<meta property=\"og:locale\" content=\"pl_PL\" \/>\n<meta property=\"og:type\" content=\"article\" \/>\n<meta property=\"og:title\" content=\"Imprezy urodzinowe i okoliczno\u015bciowe - Atrkacje dla dzieci\" \/>\n<meta property=\"og:description\" content=\"Zapraszamy przedszkola do wynajmu wraz z obs\u0142ug\u0105 konik\u00f3w i samochodzik\u00f3w dla dzieci. Atrakcje dla przedszkoli\" \/>\n<meta property=\"og:url\" content=\"https:\/\/drivetoy.pl\/?page_id=103\" \/>\n<meta property=\"og:site_name\" content=\"Atrkacje dla dzieci\" \/>\n<meta property=\"article:modified_time\" content=\"2024-02-23T15:23:17+00:00\" \/>\n<meta name=\"twitter:card\" content=\"summary_large_image\" \/>\n<meta name=\"twitter:label1\" content=\"Szacowany czas czytania\" \/>\n\t<meta name=\"twitter:data1\" content=\"1 minuta\" \/>\n<script type=\"application\/ld+json\" class=\"yoast-schema-graph\">{\"@context\":\"https:\/\/schema.org\",\"@graph\":[{\"@type\":\"WebPage\",\"@id\":\"https:\/\/drivetoy.pl\/?page_id=103\",\"url\":\"https:\/\/drivetoy.pl\/?page_id=103\",\"name\":\"Imprezy urodzinowe i okoliczno\u015bciowe - Atrkacje dla dzieci\",\"isPartOf\":{\"@id\":\"https:\/\/drivetoy.pl\/#website\"},\"datePublished\":\"2024-02-23T15:19:35+00:00\",\"dateModified\":\"2024-02-23T15:23:17+00:00\",\"description\":\"Zapraszamy przedszkola do wynajmu wraz z obs\u0142ug\u0105 konik\u00f3w i samochodzik\u00f3w dla dzieci. Atrakcje dla przedszkoli\",\"breadcrumb\":{\"@id\":\"https:\/\/drivetoy.pl\/?page_id=103#breadcrumb\"},\"inLanguage\":\"pl-PL\",\"potentialAction\":[{\"@type\":\"ReadAction\",\"target\":[\"https:\/\/drivetoy.pl\/?page_id=103\"]}]},{\"@type\":\"BreadcrumbList\",\"@id\":\"https:\/\/drivetoy.pl\/?page_id=103#breadcrumb\",\"itemListElement\":[{\"@type\":\"ListItem\",\"position\":1,\"name\":\"Strona g\u0142\u00f3wna\",\"item\":\"https:\/\/drivetoy.pl\/\"},{\"@type\":\"ListItem\",\"position\":2,\"name\":\"Imprezy urodzinowe i okoliczno\u015bciowe\"}]},{\"@type\":\"WebSite\",\"@id\":\"https:\/\/drivetoy.pl\/#website\",\"url\":\"https:\/\/drivetoy.pl\/\",\"name\":\"Atrkacje dla dzieci\",\"description\":\"autka i koniki na wynajem\",\"potentialAction\":[{\"@type\":\"SearchAction\",\"target\":{\"@type\":\"EntryPoint\",\"urlTemplate\":\"https:\/\/drivetoy.pl\/?s={search_term_string}\"},\"query-input\":\"required name=search_term_string\"}],\"inLanguage\":\"pl-PL\"}]}<\/script>\n<!-- \/ Yoast SEO plugin. -->","yoast_head_json":{"title":"Imprezy urodzinowe i okoliczno\u015bciowe - Atrkacje dla dzieci","description":"Zapraszamy przedszkola do wynajmu wraz z obs\u0142ug\u0105 konik\u00f3w i samochodzik\u00f3w dla dzieci. Atrakcje dla przedszkoli","robots":{"index":"index","follow":"follow","max-snippet":"max-snippet:-1","max-image-preview":"max-image-preview:large","max-video-preview":"max-video-preview:-1"},"canonical":"https:\/\/drivetoy.pl\/?page_id=103","og_locale":"pl_PL","og_type":"article","og_title":"Imprezy urodzinowe i okoliczno\u015bciowe - Atrkacje dla dzieci","og_description":"Zapraszamy przedszkola do wynajmu wraz z obs\u0142ug\u0105 konik\u00f3w i samochodzik\u00f3w dla dzieci. Atrakcje dla przedszkoli","og_url":"https:\/\/drivetoy.pl\/?page_id=103","og_site_name":"Atrkacje dla dzieci","article_modified_time":"2024-02-23T15:23:17+00:00","twitter_card":"summary_large_image","twitter_misc":{"Szacowany czas czytania":"1 minuta"},"schema":{"@context":"https:\/\/schema.org","@graph":[{"@type":"WebPage","@id":"https:\/\/drivetoy.pl\/?page_id=103","url":"https:\/\/drivetoy.pl\/?page_id=103","name":"Imprezy urodzinowe i okoliczno\u015bciowe - Atrkacje dla dzieci","isPartOf":{"@id":"https:\/\/drivetoy.pl\/#website"},"datePublished":"2024-02-23T15:19:35+00:00","dateModified":"2024-02-23T15:23:17+00:00","description":"Zapraszamy przedszkola do wynajmu wraz z obs\u0142ug\u0105 konik\u00f3w i samochodzik\u00f3w dla dzieci. Atrakcje dla przedszkoli","breadcrumb":{"@id":"https:\/\/drivetoy.pl\/?page_id=103#breadcrumb"},"inLanguage":"pl-PL","potentialAction":[{"@type":"ReadAction","target":["https:\/\/drivetoy.pl\/?page_id=103"]}]},{"@type":"BreadcrumbList","@id":"https:\/\/drivetoy.pl\/?page_id=103#breadcrumb","itemListElement":[{"@type":"ListItem","position":1,"name":"Strona g\u0142\u00f3wna","item":"https:\/\/drivetoy.pl\/"},{"@type":"ListItem","position":2,"name":"Imprezy urodzinowe i okoliczno\u015bciowe"}]},{"@type":"WebSite","@id":"https:\/\/drivetoy.pl\/#website","url":"https:\/\/drivetoy.pl\/","name":"Atrkacje dla dzieci","description":"autka i koniki na wynajem","potentialAction":[{"@type":"SearchAction","target":{"@type":"EntryPoint","urlTemplate":"https:\/\/drivetoy.pl\/?s={search_term_string}"},"query-input":"required name=search_term_string"}],"inLanguage":"pl-PL"}]}},"_links":{"self":[{"href":"https:\/\/drivetoy.pl\/index.php?rest_route=\/wp\/v2\/pages\/103"}],"collection":[{"href":"https:\/\/drivetoy.pl\/index.php?rest_route=\/wp\/v2\/pages"}],"about":[{"href":"https:\/\/drivetoy.pl\/index.php?rest_route=\/wp\/v2\/types\/page"}],"author":[{"embeddable":true,"href":"https:\/\/drivetoy.pl\/index.php?rest_route=\/wp\/v2\/users\/1"}],"replies":[{"embeddable":true,"href":"https:\/\/drivetoy.pl\/index.php?rest_route=%2Fwp%2Fv2%2Fcomments&post=103"}],"version-history":[{"count":1,"href":"https:\/\/drivetoy.pl\/index.php?rest_route=\/wp\/v2\/pages\/103\/revisions"}],"predecessor-version":[{"id":104,"href":"https:\/\/drivetoy.pl\/index.php?rest_route=\/wp\/v2\/pages\/103\/revisions\/104"}],"wp:attachment":[{"href":"https:\/\/drivetoy.pl\/index.php?rest_route=%2Fwp%2Fv2%2Fmedia&parent=103"}],"curies":[{"name":"wp","href":"https:\/\/api.w.org\/{rel}","templated":true}]}}