{"id":19,"date":"2023-07-09T14:40:24","date_gmt":"2023-07-09T14:40:24","guid":{"rendered":"http:\/\/drivetoy.pl\/?page_id=19"},"modified":"2024-02-28T09:30:02","modified_gmt":"2024-02-28T09:30:02","slug":"kontakt","status":"publish","type":"page","link":"https:\/\/drivetoy.pl\/?page_id=19","title":{"rendered":"Kontakt"},"content":{"rendered":"<div class=\"wp-block-image\">\n<figure class=\"aligncenter size-large is-resized\"><img loading=\"lazy\" decoding=\"async\" width=\"1024\" height=\"287\" src=\"https:\/\/drivetoy.pl\/wp-content\/uploads\/2023\/07\/logo-male-1024x287.png\" alt=\"\" class=\"wp-image-9\" style=\"width:644px;height:180px\" srcset=\"https:\/\/drivetoy.pl\/wp-content\/uploads\/2023\/07\/logo-male-1024x287.png 1024w, https:\/\/drivetoy.pl\/wp-content\/uploads\/2023\/07\/logo-male-300x84.png 300w, https:\/\/drivetoy.pl\/wp-content\/uploads\/2023\/07\/logo-male-768x216.png 768w, https:\/\/drivetoy.pl\/wp-content\/uploads\/2023\/07\/logo-male-1536x431.png 1536w, https:\/\/drivetoy.pl\/wp-content\/uploads\/2023\/07\/logo-male-2048x575.png 2048w\" sizes=\"(max-width: 1024px) 100vw, 1024px\" \/><\/figure><\/div>\n\n\n<h2 class=\"wp-block-heading\">W przypadku zainteresowania ofert\u0105 zapraszamy do kontaktu<\/h2>\n\n\n\n<h2 class=\"wp-block-heading\">Tel. 790&nbsp;444&nbsp;775<\/h2>\n\n\n\n<h2 class=\"wp-block-heading\">Lub mail:<\/h2>\n\n\n\n<h2 class=\"wp-block-heading\">biuro@drivetoy.pl<\/h2>\n\n\n\n<h2 class=\"wp-block-heading\">Zapraszamy do wsp\u00f3\u0142pracy<\/h2>\n","protected":false},"excerpt":{"rendered":"<p>W przypadku zainteresowania ofert\u0105 zapraszamy do kontaktu Tel. 790&nbsp;444&nbsp;775 Lub mail: biuro@drivetoy.pl Zapraszamy do wsp\u00f3\u0142pracy<\/p>\n","protected":false},"author":1,"featured_media":0,"parent":0,"menu_order":0,"comment_status":"closed","ping_status":"closed","template":"","meta":{"footnotes":""},"yoast_head":"<!-- This site is optimized with the Yoast SEO plugin v22.1 - https:\/\/yoast.com\/wordpress\/plugins\/seo\/ -->\n<title>Kontakt - Atrkacje dla dzieci<\/title>\n<meta name=\"description\" content=\"Udane zabawy na festyn, we\u017a udzia\u0142 w aktywno\u015bciach dla dzieci na festynie lub w przedszkolu. Zapraszamy do zabawy!\" \/>\n<meta name=\"robots\" content=\"index, follow, max-snippet:-1, max-image-preview:large, max-video-preview:-1\" \/>\n<link rel=\"canonical\" href=\"https:\/\/drivetoy.pl\/?page_id=19\" \/>\n<meta property=\"og:locale\" content=\"pl_PL\" \/>\n<meta property=\"og:type\" content=\"article\" \/>\n<meta property=\"og:title\" content=\"Kontakt - Atrkacje dla dzieci\" \/>\n<meta property=\"og:description\" content=\"Udane zabawy na festyn, we\u017a udzia\u0142 w aktywno\u015bciach dla dzieci na festynie lub w przedszkolu. Zapraszamy do zabawy!\" \/>\n<meta property=\"og:url\" content=\"https:\/\/drivetoy.pl\/?page_id=19\" \/>\n<meta property=\"og:site_name\" content=\"Atrkacje dla dzieci\" \/>\n<meta property=\"article:modified_time\" content=\"2024-02-28T09:30:02+00:00\" \/>\n<meta property=\"og:image\" content=\"http:\/\/drivetoy.pl\/wp-content\/uploads\/2023\/07\/logo-male-1024x287.png\" \/>\n<meta name=\"twitter:card\" content=\"summary_large_image\" \/>\n<meta name=\"twitter:label1\" content=\"Szacowany czas czytania\" \/>\n\t<meta name=\"twitter:data1\" content=\"1 minuta\" \/>\n<script type=\"application\/ld+json\" class=\"yoast-schema-graph\">{\"@context\":\"https:\/\/schema.org\",\"@graph\":[{\"@type\":\"WebPage\",\"@id\":\"https:\/\/drivetoy.pl\/?page_id=19\",\"url\":\"https:\/\/drivetoy.pl\/?page_id=19\",\"name\":\"Kontakt - Atrkacje dla dzieci\",\"isPartOf\":{\"@id\":\"https:\/\/drivetoy.pl\/#website\"},\"datePublished\":\"2023-07-09T14:40:24+00:00\",\"dateModified\":\"2024-02-28T09:30:02+00:00\",\"description\":\"Udane zabawy na festyn, we\u017a udzia\u0142 w aktywno\u015bciach dla dzieci na festynie lub w przedszkolu. Zapraszamy do zabawy!\",\"breadcrumb\":{\"@id\":\"https:\/\/drivetoy.pl\/?page_id=19#breadcrumb\"},\"inLanguage\":\"pl-PL\",\"potentialAction\":[{\"@type\":\"ReadAction\",\"target\":[\"https:\/\/drivetoy.pl\/?page_id=19\"]}]},{\"@type\":\"BreadcrumbList\",\"@id\":\"https:\/\/drivetoy.pl\/?page_id=19#breadcrumb\",\"itemListElement\":[{\"@type\":\"ListItem\",\"position\":1,\"name\":\"Strona g\u0142\u00f3wna\",\"item\":\"https:\/\/drivetoy.pl\/\"},{\"@type\":\"ListItem\",\"position\":2,\"name\":\"Kontakt\"}]},{\"@type\":\"WebSite\",\"@id\":\"https:\/\/drivetoy.pl\/#website\",\"url\":\"https:\/\/drivetoy.pl\/\",\"name\":\"Atrkacje dla dzieci\",\"description\":\"autka i koniki na wynajem\",\"potentialAction\":[{\"@type\":\"SearchAction\",\"target\":{\"@type\":\"EntryPoint\",\"urlTemplate\":\"https:\/\/drivetoy.pl\/?s={search_term_string}\"},\"query-input\":\"required name=search_term_string\"}],\"inLanguage\":\"pl-PL\"}]}<\/script>\n<!-- \/ Yoast SEO plugin. -->","yoast_head_json":{"title":"Kontakt - Atrkacje dla dzieci","description":"Udane zabawy na festyn, we\u017a udzia\u0142 w aktywno\u015bciach dla dzieci na festynie lub w przedszkolu. Zapraszamy do zabawy!","robots":{"index":"index","follow":"follow","max-snippet":"max-snippet:-1","max-image-preview":"max-image-preview:large","max-video-preview":"max-video-preview:-1"},"canonical":"https:\/\/drivetoy.pl\/?page_id=19","og_locale":"pl_PL","og_type":"article","og_title":"Kontakt - Atrkacje dla dzieci","og_description":"Udane zabawy na festyn, we\u017a udzia\u0142 w aktywno\u015bciach dla dzieci na festynie lub w przedszkolu. Zapraszamy do zabawy!","og_url":"https:\/\/drivetoy.pl\/?page_id=19","og_site_name":"Atrkacje dla dzieci","article_modified_time":"2024-02-28T09:30:02+00:00","og_image":[{"url":"http:\/\/drivetoy.pl\/wp-content\/uploads\/2023\/07\/logo-male-1024x287.png"}],"twitter_card":"summary_large_image","twitter_misc":{"Szacowany czas czytania":"1 minuta"},"schema":{"@context":"https:\/\/schema.org","@graph":[{"@type":"WebPage","@id":"https:\/\/drivetoy.pl\/?page_id=19","url":"https:\/\/drivetoy.pl\/?page_id=19","name":"Kontakt - Atrkacje dla dzieci","isPartOf":{"@id":"https:\/\/drivetoy.pl\/#website"},"datePublished":"2023-07-09T14:40:24+00:00","dateModified":"2024-02-28T09:30:02+00:00","description":"Udane zabawy na festyn, we\u017a udzia\u0142 w aktywno\u015bciach dla dzieci na festynie lub w przedszkolu. Zapraszamy do zabawy!","breadcrumb":{"@id":"https:\/\/drivetoy.pl\/?page_id=19#breadcrumb"},"inLanguage":"pl-PL","potentialAction":[{"@type":"ReadAction","target":["https:\/\/drivetoy.pl\/?page_id=19"]}]},{"@type":"BreadcrumbList","@id":"https:\/\/drivetoy.pl\/?page_id=19#breadcrumb","itemListElement":[{"@type":"ListItem","position":1,"name":"Strona g\u0142\u00f3wna","item":"https:\/\/drivetoy.pl\/"},{"@type":"ListItem","position":2,"name":"Kontakt"}]},{"@type":"WebSite","@id":"https:\/\/drivetoy.pl\/#website","url":"https:\/\/drivetoy.pl\/","name":"Atrkacje dla dzieci","description":"autka i koniki na wynajem","potentialAction":[{"@type":"SearchAction","target":{"@type":"EntryPoint","urlTemplate":"https:\/\/drivetoy.pl\/?s={search_term_string}"},"query-input":"required name=search_term_string"}],"inLanguage":"pl-PL"}]}},"_links":{"self":[{"href":"https:\/\/drivetoy.pl\/index.php?rest_route=\/wp\/v2\/pages\/19"}],"collection":[{"href":"https:\/\/drivetoy.pl\/index.php?rest_route=\/wp\/v2\/pages"}],"about":[{"href":"https:\/\/drivetoy.pl\/index.php?rest_route=\/wp\/v2\/types\/page"}],"author":[{"embeddable":true,"href":"https:\/\/drivetoy.pl\/index.php?rest_route=\/wp\/v2\/users\/1"}],"replies":[{"embeddable":true,"href":"https:\/\/drivetoy.pl\/index.php?rest_route=%2Fwp%2Fv2%2Fcomments&post=19"}],"version-history":[{"count":6,"href":"https:\/\/drivetoy.pl\/index.php?rest_route=\/wp\/v2\/pages\/19\/revisions"}],"predecessor-version":[{"id":113,"href":"https:\/\/drivetoy.pl\/index.php?rest_route=\/wp\/v2\/pages\/19\/revisions\/113"}],"wp:attachment":[{"href":"https:\/\/drivetoy.pl\/index.php?rest_route=%2Fwp%2Fv2%2Fmedia&parent=19"}],"curies":[{"name":"wp","href":"https:\/\/api.w.org\/{rel}","templated":true}]}}