{"id":21,"date":"2023-07-09T14:42:46","date_gmt":"2023-07-09T14:42:46","guid":{"rendered":"http:\/\/drivetoy.pl\/?page_id=21"},"modified":"2024-02-23T15:45:57","modified_gmt":"2024-02-23T15:45:57","slug":"regulamin","status":"publish","type":"page","link":"https:\/\/drivetoy.pl\/?page_id=21","title":{"rendered":"Regulamin"},"content":{"rendered":"\n<p>Korzystaj\u0105cy z urz\u0105dze\u0144 mechanicznych dla dzieci zobowi\u0105zani s\u0105 do zapoznania si\u0119 z niniejszym regulaminem i przestrzeganiem jego postanowie\u0144. Regulamin wypo\u017cyczalni zabawek dla dzieci.<\/p>\n\n\n\n<p><strong>POSTANOWIENIA &nbsp;OG\u00d3LNE:<\/strong><\/p>\n\n\n\n<ol style=\"list-style-type:1\">\n<li>W\u0142a\u015bcicielem i organizatorem wypo\u017cyczalni urz\u0105dze\u0144 \/ zabawek jezdnych dla dzieci jest firma DriveToy dzia\u0142aj\u0105ca jako dzia\u0142alno\u015b\u0107 gospodarcza nierejestrowana. Numer telefonu do organizatora 790&nbsp;444 775<\/li>\n\n\n\n<li>Za rzeczy pozostawione w obr\u0119bie wypo\u017cyczalni, organizator nie odpowiada.<\/li>\n\n\n\n<li>Apteczka pierwszej pomocy znajduje si\u0119 u obs\u0142ugi wypo\u017cyczalni.<\/li>\n\n\n\n<li>Prawni opiekunowie&nbsp; ponosz\u0105 wszelkie ryzyko i odpowiedzialno\u015b\u0107 za dzieci korzystaj\u0105ce z urz\u0105dze\u0144 wypo\u017cyczalni. Organizator wypo\u017cyczalni nie ponosi odpowiedzialno\u015bci z tytu\u0142u jakichkolwiek szk\u00f3d zdrowotnych, uraz\u00f3w cia\u0142a i szk\u00f3d materialnych wynik\u0142ych z tytu\u0142u korzystania z urz\u0105dze\u0144 jezdnych wypo\u017cyczalni.<\/li>\n\n\n\n<li>Prawny opiekun dziecka podejmuje na w\u0142asn\u0105 odpowiedzialno\u015b\u0107 decyzj\u0119 o wyborze sposobu prowadzenia pojazdu tj. dziecko prowadzi pojazd samodzielnie lub rodzi\u0107 steruje zdalnie pojazdem.<\/li>\n<\/ol>\n\n\n\n<p><strong>WSZYSCY &nbsp;UCZESTNICY &nbsp;PRZEBYWAJ\u0104CY&nbsp; NA TERENIE OBIEKTU ZOBOWI\u0104ZANI &nbsp;S\u0104 &nbsp;DO:<\/strong><\/p>\n\n\n\n<ol style=\"list-style-type:1\">\n<li>Bezwzgl\u0119dnego stosowania si\u0119 do polece\u0144 obs\u0142ugi wypo\u017cyczalni.<\/li>\n\n\n\n<li>Kulturalnego zachowania si\u0119 na terenie wypo\u017cyczalni.<\/li>\n\n\n\n<li>Niezw\u0142ocznego zawiadomienia obs\u0142ugi wypo\u017cyczalni w przypadku zauwa\u017cenia wszelkich nieprawid\u0142owo\u015bci.<\/li>\n\n\n\n<li>W trakcie korzystania z urz\u0105dze\u0144 wypo\u017cyczalni nale\u017cy zachowa\u0107 maksymaln\u0105 ostro\u017cno\u015b\u0107 podczas jazdy.<\/li>\n\n\n\n<li>Dzieci do lat 6 mog\u0105 korzysta\u0107 z urz\u0105dze\u0144 jezdnych wypo\u017cyczalni tylko pod czynnym nadzorem opiekun\u00f3w prawnych.<\/li>\n<\/ol>\n\n\n\n<p><strong>KORZYSTAJ\u0104CYM&nbsp; Z&nbsp; WYPO\u017bYCZALNI &nbsp;ZABRANIA SI\u0118 :<\/strong><\/p>\n\n\n\n<ol style=\"list-style-type:1\">\n<li>Spo\u017cywania jakichkolwiek posi\u0142k\u00f3w podczas korzystania pojazd\u00f3w.<\/li>\n\n\n\n<li>W najbli\u017cszym obr\u0119bie wypo\u017cyczalni obowi\u0105zuje zakaz spo\u017cywania alkoholu oraz przebywania os\u00f3b w stanie wskazuj\u0105cym na spo\u017cycie alkoholu lub innych \u015brodk\u00f3w odurzaj\u0105cych, a tak\u017ce palenia tytoniu i urz\u0105dze\u0144 elektronicznych.<\/li>\n\n\n\n<li>U\u017cywanie s\u0142\u00f3w wulgarnych.<\/li>\n\n\n\n<li>Wy\u015bcig\u00f3w, niebezpiecznych zabaw, &nbsp;potr\u0105cania, &nbsp;oraz wszelkich czynno\u015bci mog\u0105cych mie\u0107 wp\u0142yw na bezpiecze\u0144stwo.<\/li>\n\n\n\n<li>Rzucania jakichkolwiek przedmiot\u00f3w, u\u017cywania otwartego ognia.<\/li>\n\n\n\n<li>Wszelkie skargi, reklamacje, uwagi nale\u017cy kierowa\u0107 bezpo\u015brednio do organizatora wypo\u017cyczalni.<\/li>\n<\/ol>\n\n\n\n<p><em>Organizator&nbsp; Wypo\u017cyczalni<\/em><\/p>\n","protected":false},"excerpt":{"rendered":"<p>Korzystaj\u0105cy z urz\u0105dze\u0144 mechanicznych dla dzieci zobowi\u0105zani s\u0105 do zapoznania si\u0119 z niniejszym regulaminem i przestrzeganiem jego postanowie\u0144. Regulamin wypo\u017cyczalni zabawek dla dzieci. POSTANOWIENIA &nbsp;OG\u00d3LNE: [&hellip;]<\/p>\n","protected":false},"author":1,"featured_media":0,"parent":0,"menu_order":0,"comment_status":"closed","ping_status":"closed","template":"","meta":{"footnotes":""},"yoast_head":"<!-- This site is optimized with the Yoast SEO plugin v22.1 - https:\/\/yoast.com\/wordpress\/plugins\/seo\/ -->\n<title>Regulamin - Atrkacje dla dzieci<\/title>\n<meta name=\"description\" content=\"Wypo\u017cyczalnia zabawek dla dzieci na festyny, urodziny i pikniki. Zapraszamy do zabawy, to \u015bwietne atrakcje dla dzieci.\" \/>\n<meta name=\"robots\" content=\"index, follow, max-snippet:-1, max-image-preview:large, max-video-preview:-1\" \/>\n<link rel=\"canonical\" href=\"https:\/\/drivetoy.pl\/?page_id=21\" \/>\n<meta property=\"og:locale\" content=\"pl_PL\" \/>\n<meta property=\"og:type\" content=\"article\" \/>\n<meta property=\"og:title\" content=\"Regulamin - Atrkacje dla dzieci\" \/>\n<meta property=\"og:description\" content=\"Wypo\u017cyczalnia zabawek dla dzieci na festyny, urodziny i pikniki. Zapraszamy do zabawy, to \u015bwietne atrakcje dla dzieci.\" \/>\n<meta property=\"og:url\" content=\"https:\/\/drivetoy.pl\/?page_id=21\" \/>\n<meta property=\"og:site_name\" content=\"Atrkacje dla dzieci\" \/>\n<meta property=\"article:modified_time\" content=\"2024-02-23T15:45:57+00:00\" \/>\n<meta name=\"twitter:card\" content=\"summary_large_image\" \/>\n<meta name=\"twitter:label1\" content=\"Szacowany czas czytania\" \/>\n\t<meta name=\"twitter:data1\" content=\"2 minuty\" \/>\n<script type=\"application\/ld+json\" class=\"yoast-schema-graph\">{\"@context\":\"https:\/\/schema.org\",\"@graph\":[{\"@type\":\"WebPage\",\"@id\":\"https:\/\/drivetoy.pl\/?page_id=21\",\"url\":\"https:\/\/drivetoy.pl\/?page_id=21\",\"name\":\"Regulamin - Atrkacje dla dzieci\",\"isPartOf\":{\"@id\":\"https:\/\/drivetoy.pl\/#website\"},\"datePublished\":\"2023-07-09T14:42:46+00:00\",\"dateModified\":\"2024-02-23T15:45:57+00:00\",\"description\":\"Wypo\u017cyczalnia zabawek dla dzieci na festyny, urodziny i pikniki. Zapraszamy do zabawy, to \u015bwietne atrakcje dla dzieci.\",\"breadcrumb\":{\"@id\":\"https:\/\/drivetoy.pl\/?page_id=21#breadcrumb\"},\"inLanguage\":\"pl-PL\",\"potentialAction\":[{\"@type\":\"ReadAction\",\"target\":[\"https:\/\/drivetoy.pl\/?page_id=21\"]}]},{\"@type\":\"BreadcrumbList\",\"@id\":\"https:\/\/drivetoy.pl\/?page_id=21#breadcrumb\",\"itemListElement\":[{\"@type\":\"ListItem\",\"position\":1,\"name\":\"Strona g\u0142\u00f3wna\",\"item\":\"https:\/\/drivetoy.pl\/\"},{\"@type\":\"ListItem\",\"position\":2,\"name\":\"Regulamin\"}]},{\"@type\":\"WebSite\",\"@id\":\"https:\/\/drivetoy.pl\/#website\",\"url\":\"https:\/\/drivetoy.pl\/\",\"name\":\"Atrkacje dla dzieci\",\"description\":\"autka i koniki na wynajem\",\"potentialAction\":[{\"@type\":\"SearchAction\",\"target\":{\"@type\":\"EntryPoint\",\"urlTemplate\":\"https:\/\/drivetoy.pl\/?s={search_term_string}\"},\"query-input\":\"required name=search_term_string\"}],\"inLanguage\":\"pl-PL\"}]}<\/script>\n<!-- \/ Yoast SEO plugin. -->","yoast_head_json":{"title":"Regulamin - Atrkacje dla dzieci","description":"Wypo\u017cyczalnia zabawek dla dzieci na festyny, urodziny i pikniki. Zapraszamy do zabawy, to \u015bwietne atrakcje dla dzieci.","robots":{"index":"index","follow":"follow","max-snippet":"max-snippet:-1","max-image-preview":"max-image-preview:large","max-video-preview":"max-video-preview:-1"},"canonical":"https:\/\/drivetoy.pl\/?page_id=21","og_locale":"pl_PL","og_type":"article","og_title":"Regulamin - Atrkacje dla dzieci","og_description":"Wypo\u017cyczalnia zabawek dla dzieci na festyny, urodziny i pikniki. Zapraszamy do zabawy, to \u015bwietne atrakcje dla dzieci.","og_url":"https:\/\/drivetoy.pl\/?page_id=21","og_site_name":"Atrkacje dla dzieci","article_modified_time":"2024-02-23T15:45:57+00:00","twitter_card":"summary_large_image","twitter_misc":{"Szacowany czas czytania":"2 minuty"},"schema":{"@context":"https:\/\/schema.org","@graph":[{"@type":"WebPage","@id":"https:\/\/drivetoy.pl\/?page_id=21","url":"https:\/\/drivetoy.pl\/?page_id=21","name":"Regulamin - Atrkacje dla dzieci","isPartOf":{"@id":"https:\/\/drivetoy.pl\/#website"},"datePublished":"2023-07-09T14:42:46+00:00","dateModified":"2024-02-23T15:45:57+00:00","description":"Wypo\u017cyczalnia zabawek dla dzieci na festyny, urodziny i pikniki. Zapraszamy do zabawy, to \u015bwietne atrakcje dla dzieci.","breadcrumb":{"@id":"https:\/\/drivetoy.pl\/?page_id=21#breadcrumb"},"inLanguage":"pl-PL","potentialAction":[{"@type":"ReadAction","target":["https:\/\/drivetoy.pl\/?page_id=21"]}]},{"@type":"BreadcrumbList","@id":"https:\/\/drivetoy.pl\/?page_id=21#breadcrumb","itemListElement":[{"@type":"ListItem","position":1,"name":"Strona g\u0142\u00f3wna","item":"https:\/\/drivetoy.pl\/"},{"@type":"ListItem","position":2,"name":"Regulamin"}]},{"@type":"WebSite","@id":"https:\/\/drivetoy.pl\/#website","url":"https:\/\/drivetoy.pl\/","name":"Atrkacje dla dzieci","description":"autka i koniki na wynajem","potentialAction":[{"@type":"SearchAction","target":{"@type":"EntryPoint","urlTemplate":"https:\/\/drivetoy.pl\/?s={search_term_string}"},"query-input":"required name=search_term_string"}],"inLanguage":"pl-PL"}]}},"_links":{"self":[{"href":"https:\/\/drivetoy.pl\/index.php?rest_route=\/wp\/v2\/pages\/21"}],"collection":[{"href":"https:\/\/drivetoy.pl\/index.php?rest_route=\/wp\/v2\/pages"}],"about":[{"href":"https:\/\/drivetoy.pl\/index.php?rest_route=\/wp\/v2\/types\/page"}],"author":[{"embeddable":true,"href":"https:\/\/drivetoy.pl\/index.php?rest_route=\/wp\/v2\/users\/1"}],"replies":[{"embeddable":true,"href":"https:\/\/drivetoy.pl\/index.php?rest_route=%2Fwp%2Fv2%2Fcomments&post=21"}],"version-history":[{"count":3,"href":"https:\/\/drivetoy.pl\/index.php?rest_route=\/wp\/v2\/pages\/21\/revisions"}],"predecessor-version":[{"id":98,"href":"https:\/\/drivetoy.pl\/index.php?rest_route=\/wp\/v2\/pages\/21\/revisions\/98"}],"wp:attachment":[{"href":"https:\/\/drivetoy.pl\/index.php?rest_route=%2Fwp%2Fv2%2Fmedia&parent=21"}],"curies":[{"name":"wp","href":"https:\/\/api.w.org\/{rel}","templated":true}]}}