{"id":23,"date":"2023-07-09T14:43:55","date_gmt":"2023-07-09T14:43:55","guid":{"rendered":"http:\/\/drivetoy.pl\/?page_id=23"},"modified":"2024-02-23T14:55:55","modified_gmt":"2024-02-23T14:55:55","slug":"cennik","status":"publish","type":"page","link":"https:\/\/drivetoy.pl\/?page_id=23","title":{"rendered":"Cennik"},"content":{"rendered":"\n<p>W przypadku dzia\u0142alno\u015bci komercyjnej koszt wynajmu pojazdu na<strong> 10 minut wynosi 20z\u0142.<\/strong><\/p>\n\n\n\n<p>W przypadku wynajmu na imprez\u0119 plenerow\u0105 koszt ca\u0142kowity dla wszystkich pojazd\u00f3w wynosi <strong>3\u00a0000 z\u0142 + 23% podatku VAT<\/strong><\/p>\n\n\n\n<p>Powy\u017cszy koszt zawiera dostaw\u0119 urz\u0105dze\u0144 oraz profesjonaln\u0105 obs\u0142ug\u0119.<\/p>\n\n\n\n<p><\/p>\n\n\n\n<p><\/p>\n","protected":false},"excerpt":{"rendered":"<p>W przypadku dzia\u0142alno\u015bci komercyjnej koszt wynajmu pojazdu na 10 minut wynosi 20z\u0142. W przypadku wynajmu na imprez\u0119 plenerow\u0105 koszt ca\u0142kowity dla wszystkich pojazd\u00f3w wynosi 3\u00a0000 [&hellip;]<\/p>\n","protected":false},"author":1,"featured_media":0,"parent":0,"menu_order":0,"comment_status":"closed","ping_status":"closed","template":"","meta":{"footnotes":""},"yoast_head":"<!-- This site is optimized with the Yoast SEO plugin v22.1 - https:\/\/yoast.com\/wordpress\/plugins\/seo\/ -->\n<title>Cennik - Atrkacje dla dzieci<\/title>\n<meta name=\"description\" content=\"Atrakcje dla przedszkoli, zabawki na festyn, atrakcje dla dzieci, aktywno\u015bci dla dzieci, zabawki mechaniczn\" \/>\n<meta name=\"robots\" content=\"index, follow, max-snippet:-1, max-image-preview:large, max-video-preview:-1\" \/>\n<link rel=\"canonical\" href=\"https:\/\/drivetoy.pl\/?page_id=23\" \/>\n<meta property=\"og:locale\" content=\"pl_PL\" \/>\n<meta property=\"og:type\" content=\"article\" \/>\n<meta property=\"og:title\" content=\"Cennik - Atrkacje dla dzieci\" \/>\n<meta property=\"og:description\" content=\"Atrakcje dla przedszkoli, zabawki na festyn, atrakcje dla dzieci, aktywno\u015bci dla dzieci, zabawki mechaniczn\" \/>\n<meta property=\"og:url\" content=\"https:\/\/drivetoy.pl\/?page_id=23\" \/>\n<meta property=\"og:site_name\" content=\"Atrkacje dla dzieci\" \/>\n<meta property=\"article:modified_time\" content=\"2024-02-23T14:55:55+00:00\" \/>\n<meta name=\"twitter:card\" content=\"summary_large_image\" \/>\n<meta name=\"twitter:label1\" content=\"Szacowany czas czytania\" \/>\n\t<meta name=\"twitter:data1\" content=\"1 minuta\" \/>\n<script type=\"application\/ld+json\" class=\"yoast-schema-graph\">{\"@context\":\"https:\/\/schema.org\",\"@graph\":[{\"@type\":\"WebPage\",\"@id\":\"https:\/\/drivetoy.pl\/?page_id=23\",\"url\":\"https:\/\/drivetoy.pl\/?page_id=23\",\"name\":\"Cennik - Atrkacje dla dzieci\",\"isPartOf\":{\"@id\":\"https:\/\/drivetoy.pl\/#website\"},\"datePublished\":\"2023-07-09T14:43:55+00:00\",\"dateModified\":\"2024-02-23T14:55:55+00:00\",\"description\":\"Atrakcje dla przedszkoli, zabawki na festyn, atrakcje dla dzieci, aktywno\u015bci dla dzieci, zabawki mechaniczn\",\"breadcrumb\":{\"@id\":\"https:\/\/drivetoy.pl\/?page_id=23#breadcrumb\"},\"inLanguage\":\"pl-PL\",\"potentialAction\":[{\"@type\":\"ReadAction\",\"target\":[\"https:\/\/drivetoy.pl\/?page_id=23\"]}]},{\"@type\":\"BreadcrumbList\",\"@id\":\"https:\/\/drivetoy.pl\/?page_id=23#breadcrumb\",\"itemListElement\":[{\"@type\":\"ListItem\",\"position\":1,\"name\":\"Strona g\u0142\u00f3wna\",\"item\":\"https:\/\/drivetoy.pl\/\"},{\"@type\":\"ListItem\",\"position\":2,\"name\":\"Cennik\"}]},{\"@type\":\"WebSite\",\"@id\":\"https:\/\/drivetoy.pl\/#website\",\"url\":\"https:\/\/drivetoy.pl\/\",\"name\":\"Atrkacje dla dzieci\",\"description\":\"autka i koniki na wynajem\",\"potentialAction\":[{\"@type\":\"SearchAction\",\"target\":{\"@type\":\"EntryPoint\",\"urlTemplate\":\"https:\/\/drivetoy.pl\/?s={search_term_string}\"},\"query-input\":\"required name=search_term_string\"}],\"inLanguage\":\"pl-PL\"}]}<\/script>\n<!-- \/ Yoast SEO plugin. -->","yoast_head_json":{"title":"Cennik - Atrkacje dla dzieci","description":"Atrakcje dla przedszkoli, zabawki na festyn, atrakcje dla dzieci, aktywno\u015bci dla dzieci, zabawki mechaniczn","robots":{"index":"index","follow":"follow","max-snippet":"max-snippet:-1","max-image-preview":"max-image-preview:large","max-video-preview":"max-video-preview:-1"},"canonical":"https:\/\/drivetoy.pl\/?page_id=23","og_locale":"pl_PL","og_type":"article","og_title":"Cennik - Atrkacje dla dzieci","og_description":"Atrakcje dla przedszkoli, zabawki na festyn, atrakcje dla dzieci, aktywno\u015bci dla dzieci, zabawki mechaniczn","og_url":"https:\/\/drivetoy.pl\/?page_id=23","og_site_name":"Atrkacje dla dzieci","article_modified_time":"2024-02-23T14:55:55+00:00","twitter_card":"summary_large_image","twitter_misc":{"Szacowany czas czytania":"1 minuta"},"schema":{"@context":"https:\/\/schema.org","@graph":[{"@type":"WebPage","@id":"https:\/\/drivetoy.pl\/?page_id=23","url":"https:\/\/drivetoy.pl\/?page_id=23","name":"Cennik - Atrkacje dla dzieci","isPartOf":{"@id":"https:\/\/drivetoy.pl\/#website"},"datePublished":"2023-07-09T14:43:55+00:00","dateModified":"2024-02-23T14:55:55+00:00","description":"Atrakcje dla przedszkoli, zabawki na festyn, atrakcje dla dzieci, aktywno\u015bci dla dzieci, zabawki mechaniczn","breadcrumb":{"@id":"https:\/\/drivetoy.pl\/?page_id=23#breadcrumb"},"inLanguage":"pl-PL","potentialAction":[{"@type":"ReadAction","target":["https:\/\/drivetoy.pl\/?page_id=23"]}]},{"@type":"BreadcrumbList","@id":"https:\/\/drivetoy.pl\/?page_id=23#breadcrumb","itemListElement":[{"@type":"ListItem","position":1,"name":"Strona g\u0142\u00f3wna","item":"https:\/\/drivetoy.pl\/"},{"@type":"ListItem","position":2,"name":"Cennik"}]},{"@type":"WebSite","@id":"https:\/\/drivetoy.pl\/#website","url":"https:\/\/drivetoy.pl\/","name":"Atrkacje dla dzieci","description":"autka i koniki na wynajem","potentialAction":[{"@type":"SearchAction","target":{"@type":"EntryPoint","urlTemplate":"https:\/\/drivetoy.pl\/?s={search_term_string}"},"query-input":"required name=search_term_string"}],"inLanguage":"pl-PL"}]}},"_links":{"self":[{"href":"https:\/\/drivetoy.pl\/index.php?rest_route=\/wp\/v2\/pages\/23"}],"collection":[{"href":"https:\/\/drivetoy.pl\/index.php?rest_route=\/wp\/v2\/pages"}],"about":[{"href":"https:\/\/drivetoy.pl\/index.php?rest_route=\/wp\/v2\/types\/page"}],"author":[{"embeddable":true,"href":"https:\/\/drivetoy.pl\/index.php?rest_route=\/wp\/v2\/users\/1"}],"replies":[{"embeddable":true,"href":"https:\/\/drivetoy.pl\/index.php?rest_route=%2Fwp%2Fv2%2Fcomments&post=23"}],"version-history":[{"count":3,"href":"https:\/\/drivetoy.pl\/index.php?rest_route=\/wp\/v2\/pages\/23\/revisions"}],"predecessor-version":[{"id":99,"href":"https:\/\/drivetoy.pl\/index.php?rest_route=\/wp\/v2\/pages\/23\/revisions\/99"}],"wp:attachment":[{"href":"https:\/\/drivetoy.pl\/index.php?rest_route=%2Fwp%2Fv2%2Fmedia&parent=23"}],"curies":[{"name":"wp","href":"https:\/\/api.w.org\/{rel}","templated":true}]}}