{"id":88,"date":"2023-07-12T09:40:42","date_gmt":"2023-07-12T09:40:42","guid":{"rendered":"http:\/\/drivetoy.pl\/?page_id=88"},"modified":"2024-02-23T12:06:29","modified_gmt":"2024-02-23T12:06:29","slug":"atrakcje-na-festyn-dla-dzieci","status":"publish","type":"page","link":"https:\/\/drivetoy.pl\/","title":{"rendered":"Home"},"content":{"rendered":"\n<div class=\"wp-block-cover is-light\"><span aria-hidden=\"true\" class=\"wp-block-cover__background has-background-dim\"><\/span><img loading=\"lazy\" decoding=\"async\" width=\"1024\" height=\"576\" class=\"wp-block-cover__image-background wp-image-51\" alt=\"\" src=\"https:\/\/drivetoy.pl\/wp-content\/uploads\/2023\/07\/cropped-1-Police-1024x576.jpg\" data-object-fit=\"cover\" srcset=\"https:\/\/drivetoy.pl\/wp-content\/uploads\/2023\/07\/cropped-1-Police-1024x576.jpg 1024w, https:\/\/drivetoy.pl\/wp-content\/uploads\/2023\/07\/cropped-1-Police-300x169.jpg 300w, https:\/\/drivetoy.pl\/wp-content\/uploads\/2023\/07\/cropped-1-Police-768x432.jpg 768w, https:\/\/drivetoy.pl\/wp-content\/uploads\/2023\/07\/cropped-1-Police-1536x864.jpg 1536w, https:\/\/drivetoy.pl\/wp-content\/uploads\/2023\/07\/cropped-1-Police.jpg 1920w\" sizes=\"(max-width: 1024px) 100vw, 1024px\" \/><div class=\"wp-block-cover__inner-container is-layout-flow wp-block-cover-is-layout-flow\">\n<h2 class=\"wp-block-heading has-text-align-center\"><mark style=\"background-color:rgba(0, 0, 0, 0);color:#ffffff\" class=\"has-inline-color\">Wypo\u017cyczalnia zabawek mechanicznych<\/mark><\/h2>\n<\/div><\/div>\n\n\n<div class=\"wp-block-image\">\n<figure class=\"alignright size-large is-resized\"><img loading=\"lazy\" decoding=\"async\" width=\"640\" height=\"1024\" src=\"https:\/\/drivetoy.pl\/wp-content\/uploads\/2023\/07\/logo-pelne-maly-ciezar-edited-640x1024.png\" alt=\"\" class=\"wp-image-70\" style=\"aspect-ratio:0.6254545454545455;width:201px;height:auto\" srcset=\"https:\/\/drivetoy.pl\/wp-content\/uploads\/2023\/07\/logo-pelne-maly-ciezar-edited-640x1024.png 640w, https:\/\/drivetoy.pl\/wp-content\/uploads\/2023\/07\/logo-pelne-maly-ciezar-edited-188x300.png 188w, https:\/\/drivetoy.pl\/wp-content\/uploads\/2023\/07\/logo-pelne-maly-ciezar-edited-768x1228.png 768w, https:\/\/drivetoy.pl\/wp-content\/uploads\/2023\/07\/logo-pelne-maly-ciezar-edited-960x1536.png 960w, https:\/\/drivetoy.pl\/wp-content\/uploads\/2023\/07\/logo-pelne-maly-ciezar-edited-1281x2048.png 1281w, https:\/\/drivetoy.pl\/wp-content\/uploads\/2023\/07\/logo-pelne-maly-ciezar-edited.png 1979w\" sizes=\"(max-width: 640px) 100vw, 640px\" \/><\/figure><\/div>\n\n\n<p>Zapraszamy do wypo\u017cyczalni zabawek mechanicznych dla dzieci na przyk\u0142ad jako atrakcje na festyn dla dzieci. W swojej ofercie posiadamy zwierz\u0105tka i auta sterowane przez opiekuna lub dziecko:<\/p>\n\n\n\n<ul>\n<li>Mercedes<\/li>\n\n\n\n<li>Auto policyjne<\/li>\n\n\n\n<li>Zebra<\/li>\n\n\n\n<li>Konik br\u0105zowy<\/li>\n\n\n\n<li>Konik Pony du\u017cy i ma\u0142y<\/li>\n<\/ul>\n\n\n\n<p>Zapraszamy do wsp\u00f3\u0142pracy instytucje zajmuj\u0105ce si\u0119 organizacj\u0105 wydarze\u0144 plenerowych takich jak festyny i pikniki, a tak\u017ce innych imprez okoliczno\u015bciowych z udzia\u0142em dzieci. Zobacz nasze zabawki w<a href=\"https:\/\/drivetoy.pl\/?page_id=25\"> galerii.<\/a> <\/p>\n\n\n\n<p>Koniki to wspania\u0142a zabawa dla dzieci anga\u017cuj\u0105ca rado\u015b\u0107 i wysi\u0142ek fizyczny.  To udana atrakcja na festyn<\/p>\n\n\n\n<p><\/p>\n\n\n\n<p>Samochodziki dla dzieci to wspania\u0142e atrakcje dla dzieci. Nie mo\u017ce ich r\u00f3wnie\u017c zabrakn\u0105\u0107 podczas zaj\u0119\u0107 na piknik. Za\u015b koniki mechaniczne to nie tylko atrakcje na festyny, ale tak\u017ce ruchowa zabawa dla dzieci. Atrakcja na festyny dla dzieci powinna spe\u0142nia\u0107 walory ruchowe, jak r\u00f3wnie\u017c poznawcze, polecane tak\u017ce jako zabawki dla przedszkoli. Samochodziki dla dzieci sprawdz\u0105 si\u0119 tak\u017ce jako atrakcja na imprezy plenerowe, zabawy na urodziny, czy zaj\u0119cia na pikniki. Zaj\u0119cia dla przedszkoli powinny zawiera\u0107 r\u00f3wnie\u017c atrakcje dla dzieci w postaci samochodzik\u00f3w dla dzieci i konik\u00f3w mechanicznych. Zabawy na festyn to nie tylko zamki dmuchane, ale przede wszystkim koniki mechaniczne i samochodziki dla dzieci sterowane przez tak\u017ce przez rodzic\u00f3w.<\/p>\n\n\n\n\n","protected":false},"excerpt":{"rendered":"<p>Zapraszamy do wypo\u017cyczalni zabawek mechanicznych dla dzieci na przyk\u0142ad jako atrakcje na festyn dla dzieci. W swojej ofercie posiadamy zwierz\u0105tka i auta sterowane przez opiekuna [&hellip;]<\/p>\n","protected":false},"author":1,"featured_media":0,"parent":0,"menu_order":0,"comment_status":"closed","ping_status":"closed","template":"","meta":{"footnotes":""},"yoast_head":"<!-- This site is optimized with the Yoast SEO plugin v22.1 - https:\/\/yoast.com\/wordpress\/plugins\/seo\/ -->\n<title>Home - Atrkacje dla dzieci<\/title>\n<meta name=\"description\" content=\"Zabawki mechaniczne, auta sterowane przez dziecko lub opiekuna. Idealne atrakcje na festyn dla najm\u0142odszych.\" \/>\n<meta name=\"robots\" content=\"index, follow, max-snippet:-1, max-image-preview:large, max-video-preview:-1\" \/>\n<link rel=\"canonical\" href=\"https:\/\/drivetoy.pl\/\" \/>\n<meta property=\"og:locale\" content=\"pl_PL\" \/>\n<meta property=\"og:type\" content=\"article\" \/>\n<meta property=\"og:title\" content=\"Home - Atrkacje dla dzieci\" \/>\n<meta property=\"og:description\" content=\"Zabawki mechaniczne, auta sterowane przez dziecko lub opiekuna. Idealne atrakcje na festyn dla najm\u0142odszych.\" \/>\n<meta property=\"og:url\" content=\"https:\/\/drivetoy.pl\/\" \/>\n<meta property=\"og:site_name\" content=\"Atrkacje dla dzieci\" \/>\n<meta property=\"article:modified_time\" content=\"2024-02-23T12:06:29+00:00\" \/>\n<meta property=\"og:image\" content=\"http:\/\/drivetoy.pl\/wp-content\/uploads\/2023\/07\/cropped-1-Police-1024x576.jpg\" \/>\n<meta name=\"twitter:card\" content=\"summary_large_image\" \/>\n<meta name=\"twitter:label1\" content=\"Szacowany czas czytania\" \/>\n\t<meta name=\"twitter:data1\" content=\"2 minuty\" \/>\n<script type=\"application\/ld+json\" class=\"yoast-schema-graph\">{\"@context\":\"https:\/\/schema.org\",\"@graph\":[{\"@type\":\"WebPage\",\"@id\":\"https:\/\/drivetoy.pl\/\",\"url\":\"https:\/\/drivetoy.pl\/\",\"name\":\"Home - Atrkacje dla dzieci\",\"isPartOf\":{\"@id\":\"https:\/\/drivetoy.pl\/#website\"},\"datePublished\":\"2023-07-12T09:40:42+00:00\",\"dateModified\":\"2024-02-23T12:06:29+00:00\",\"description\":\"Zabawki mechaniczne, auta sterowane przez dziecko lub opiekuna. Idealne atrakcje na festyn dla najm\u0142odszych.\",\"breadcrumb\":{\"@id\":\"https:\/\/drivetoy.pl\/#breadcrumb\"},\"inLanguage\":\"pl-PL\",\"potentialAction\":[{\"@type\":\"ReadAction\",\"target\":[\"https:\/\/drivetoy.pl\/\"]}]},{\"@type\":\"BreadcrumbList\",\"@id\":\"https:\/\/drivetoy.pl\/#breadcrumb\",\"itemListElement\":[{\"@type\":\"ListItem\",\"position\":1,\"name\":\"Strona g\u0142\u00f3wna\",\"item\":\"https:\/\/drivetoy.pl\/\"},{\"@type\":\"ListItem\",\"position\":2,\"name\":\"Home\"}]},{\"@type\":\"WebSite\",\"@id\":\"https:\/\/drivetoy.pl\/#website\",\"url\":\"https:\/\/drivetoy.pl\/\",\"name\":\"Atrkacje dla dzieci\",\"description\":\"autka i koniki na wynajem\",\"potentialAction\":[{\"@type\":\"SearchAction\",\"target\":{\"@type\":\"EntryPoint\",\"urlTemplate\":\"https:\/\/drivetoy.pl\/?s={search_term_string}\"},\"query-input\":\"required name=search_term_string\"}],\"inLanguage\":\"pl-PL\"}]}<\/script>\n<!-- \/ Yoast SEO plugin. -->","yoast_head_json":{"title":"Home - Atrkacje dla dzieci","description":"Zabawki mechaniczne, auta sterowane przez dziecko lub opiekuna. Idealne atrakcje na festyn dla najm\u0142odszych.","robots":{"index":"index","follow":"follow","max-snippet":"max-snippet:-1","max-image-preview":"max-image-preview:large","max-video-preview":"max-video-preview:-1"},"canonical":"https:\/\/drivetoy.pl\/","og_locale":"pl_PL","og_type":"article","og_title":"Home - Atrkacje dla dzieci","og_description":"Zabawki mechaniczne, auta sterowane przez dziecko lub opiekuna. Idealne atrakcje na festyn dla najm\u0142odszych.","og_url":"https:\/\/drivetoy.pl\/","og_site_name":"Atrkacje dla dzieci","article_modified_time":"2024-02-23T12:06:29+00:00","og_image":[{"url":"http:\/\/drivetoy.pl\/wp-content\/uploads\/2023\/07\/cropped-1-Police-1024x576.jpg"}],"twitter_card":"summary_large_image","twitter_misc":{"Szacowany czas czytania":"2 minuty"},"schema":{"@context":"https:\/\/schema.org","@graph":[{"@type":"WebPage","@id":"https:\/\/drivetoy.pl\/","url":"https:\/\/drivetoy.pl\/","name":"Home - Atrkacje dla dzieci","isPartOf":{"@id":"https:\/\/drivetoy.pl\/#website"},"datePublished":"2023-07-12T09:40:42+00:00","dateModified":"2024-02-23T12:06:29+00:00","description":"Zabawki mechaniczne, auta sterowane przez dziecko lub opiekuna. Idealne atrakcje na festyn dla najm\u0142odszych.","breadcrumb":{"@id":"https:\/\/drivetoy.pl\/#breadcrumb"},"inLanguage":"pl-PL","potentialAction":[{"@type":"ReadAction","target":["https:\/\/drivetoy.pl\/"]}]},{"@type":"BreadcrumbList","@id":"https:\/\/drivetoy.pl\/#breadcrumb","itemListElement":[{"@type":"ListItem","position":1,"name":"Strona g\u0142\u00f3wna","item":"https:\/\/drivetoy.pl\/"},{"@type":"ListItem","position":2,"name":"Home"}]},{"@type":"WebSite","@id":"https:\/\/drivetoy.pl\/#website","url":"https:\/\/drivetoy.pl\/","name":"Atrkacje dla dzieci","description":"autka i koniki na wynajem","potentialAction":[{"@type":"SearchAction","target":{"@type":"EntryPoint","urlTemplate":"https:\/\/drivetoy.pl\/?s={search_term_string}"},"query-input":"required name=search_term_string"}],"inLanguage":"pl-PL"}]}},"_links":{"self":[{"href":"https:\/\/drivetoy.pl\/index.php?rest_route=\/wp\/v2\/pages\/88"}],"collection":[{"href":"https:\/\/drivetoy.pl\/index.php?rest_route=\/wp\/v2\/pages"}],"about":[{"href":"https:\/\/drivetoy.pl\/index.php?rest_route=\/wp\/v2\/types\/page"}],"author":[{"embeddable":true,"href":"https:\/\/drivetoy.pl\/index.php?rest_route=\/wp\/v2\/users\/1"}],"replies":[{"embeddable":true,"href":"https:\/\/drivetoy.pl\/index.php?rest_route=%2Fwp%2Fv2%2Fcomments&post=88"}],"version-history":[{"count":5,"href":"https:\/\/drivetoy.pl\/index.php?rest_route=\/wp\/v2\/pages\/88\/revisions"}],"predecessor-version":[{"id":97,"href":"https:\/\/drivetoy.pl\/index.php?rest_route=\/wp\/v2\/pages\/88\/revisions\/97"}],"wp:attachment":[{"href":"https:\/\/drivetoy.pl\/index.php?rest_route=%2Fwp%2Fv2%2Fmedia&parent=88"}],"curies":[{"name":"wp","href":"https:\/\/api.w.org\/{rel}","templated":true}]}}